{"id":7,"date":"2021-07-12T19:17:09","date_gmt":"2021-07-12T17:17:09","guid":{"rendered":"https:\/\/www.larrivethautbrion.fr\/boutique\/panier\/"},"modified":"2025-11-04T16:01:56","modified_gmt":"2025-11-04T15:01:56","slug":"panier","status":"publish","type":"page","link":"https:\/\/www.larrivethautbrion.fr\/boutique\/panier\/","title":{"rendered":"Panier"},"content":{"rendered":"\n<p>La livraison est offerte pour toute commande sup\u00e9rieure \u00e0 <strong>250\u20ac<\/strong>.<\/p>\n\n\n\n<p>Retrait \u00e0 la boutique du Ch\u00e2teau du <strong>mercredi au samedi<\/strong> de <strong>10h \u00e0 17h<\/strong>. <\/p>\n\n\n\n\n\n\n<p><\/p>\n","protected":false},"excerpt":{"rendered":"<p>La livraison est offerte pour toute commande sup\u00e9rieure \u00e0 250\u20ac. Retrait \u00e0 la boutique du Ch\u00e2teau du mercredi au samedi de 10h \u00e0 17h.<\/p>\n","protected":false},"author":1,"featured_media":0,"parent":0,"menu_order":0,"comment_status":"closed","ping_status":"closed","template":"","meta":{"footnotes":""},"class_list":["post-7","page","type-page","status-publish","hentry"],"_links":{"self":[{"href":"https:\/\/www.larrivethautbrion.fr\/boutique\/wp-json\/wp\/v2\/pages\/7"}],"collection":[{"href":"https:\/\/www.larrivethautbrion.fr\/boutique\/wp-json\/wp\/v2\/pages"}],"about":[{"href":"https:\/\/www.larrivethautbrion.fr\/boutique\/wp-json\/wp\/v2\/types\/page"}],"author":[{"embeddable":true,"href":"https:\/\/www.larrivethautbrion.fr\/boutique\/wp-json\/wp\/v2\/users\/1"}],"replies":[{"embeddable":true,"href":"https:\/\/www.larrivethautbrion.fr\/boutique\/wp-json\/wp\/v2\/comments?post=7"}],"version-history":[{"count":7,"href":"https:\/\/www.larrivethautbrion.fr\/boutique\/wp-json\/wp\/v2\/pages\/7\/revisions"}],"predecessor-version":[{"id":539,"href":"https:\/\/www.larrivethautbrion.fr\/boutique\/wp-json\/wp\/v2\/pages\/7\/revisions\/539"}],"wp:attachment":[{"href":"https:\/\/www.larrivethautbrion.fr\/boutique\/wp-json\/wp\/v2\/media?parent=7"}],"curies":[{"name":"wp","href":"https:\/\/api.w.org\/{rel}","templated":true}]}}