{"id":102,"date":"2021-09-07T11:32:35","date_gmt":"2021-09-07T09:32:35","guid":{"rendered":"https:\/\/www.larrivethautbrion.fr\/boutique\/?post_type=product&#038;p=102"},"modified":"2026-03-31T15:55:14","modified_gmt":"2026-03-31T13:55:14","slug":"chateau-larrivet-haut-brion-rouge-2018-2","status":"publish","type":"product","link":"https:\/\/www.larrivethautbrion.fr\/boutique\/produit\/chateau-larrivet-haut-brion-rouge-2018-2\/","title":{"rendered":"Ch\u00e2teau Larrivet Haut-Brion rouge 2018"},"content":{"rendered":"","protected":false},"excerpt":{"rendered":"<p><strong>ASSEMBLAGE<\/strong><br \/>\n56% Cabernet Sauvignon, 28 % de Merlot &amp; 16 % de Cabernet Franc<\/p>\n<p><strong>D\u00c9GUSTATION<\/strong><br \/>\nLa couleur est rouge Amarante sombre, profonde et dense.<br \/>\nLe nez est puissant et intense, fruit\u00e9 noir type cassis, il s\u2019ouvre sur des notes d\u00e9licates de c\u00e8dre et de fum\u00e9e, c\u2019est tr\u00e8s pur et tr\u00e8s rac\u00e9.<br \/>\nEn bouche, l\u2019attaque est pleine et fondante.<br \/>\nElle \u00e9volue sans creux avec du volume ; c\u2019est juteux et soyeux, le fruit est \u00e9clatant.<br \/>\nLa finale semble interminable avec une persistance soyeuse remarquable par son \u00e9l\u00e9gance.<br \/>\nTr\u00e8s belle r\u00e9ussite \u00e0 boire entre 2025 et 2040.<\/p>\n","protected":false},"featured_media":50,"template":"","meta":[],"product_cat":[18],"product_tag":[48],"class_list":{"0":"post-102","1":"product","2":"type-product","3":"status-publish","4":"has-post-thumbnail","6":"product_cat-chateau-larrivet-haut-brion","7":"product_tag-magnum-1-5-l","8":"product_shipping_class-magnum","9":"pa_contenant-magnum-1-5l","10":"pa_couleur-rouge","11":"pa_millesime-40","12":"pa_potentiel-de-garde-a-garder","13":"vtmam_rule_category-min-max-magnums","15":"first","16":"instock","17":"taxable","18":"shipping-taxable","19":"purchasable","20":"product-type-simple"},"_links":{"self":[{"href":"https:\/\/www.larrivethautbrion.fr\/boutique\/wp-json\/wp\/v2\/product\/102"}],"collection":[{"href":"https:\/\/www.larrivethautbrion.fr\/boutique\/wp-json\/wp\/v2\/product"}],"about":[{"href":"https:\/\/www.larrivethautbrion.fr\/boutique\/wp-json\/wp\/v2\/types\/product"}],"wp:featuredmedia":[{"embeddable":true,"href":"https:\/\/www.larrivethautbrion.fr\/boutique\/wp-json\/wp\/v2\/media\/50"}],"wp:attachment":[{"href":"https:\/\/www.larrivethautbrion.fr\/boutique\/wp-json\/wp\/v2\/media?parent=102"}],"wp:term":[{"taxonomy":"product_cat","embeddable":true,"href":"https:\/\/www.larrivethautbrion.fr\/boutique\/wp-json\/wp\/v2\/product_cat?post=102"},{"taxonomy":"product_tag","embeddable":true,"href":"https:\/\/www.larrivethautbrion.fr\/boutique\/wp-json\/wp\/v2\/product_tag?post=102"}],"curies":[{"name":"wp","href":"https:\/\/api.w.org\/{rel}","templated":true}]}}