{"id":414,"date":"2024-07-18T14:49:50","date_gmt":"2024-07-18T12:49:50","guid":{"rendered":"https:\/\/www.larrivethautbrion.fr\/boutique\/?post_type=product&#038;p=414"},"modified":"2025-12-03T16:47:32","modified_gmt":"2025-12-03T15:47:32","slug":"les-demoiselles-de-larrivet-haut-brion-rouge-2020","status":"publish","type":"product","link":"https:\/\/www.larrivethautbrion.fr\/boutique\/produit\/les-demoiselles-de-larrivet-haut-brion-rouge-2020\/","title":{"rendered":"Les Demoiselles de Larrivet Haut-Brion rouge 2020"},"content":{"rendered":"","protected":false},"excerpt":{"rendered":"<p><strong>ASSEMBLAGE<\/strong><br \/>\n70% Merlot, 30% Cabernet Sauvignon<\/p>\n<p><strong>D\u00c9GUSTATION<\/strong><br \/>\nLa robe est rouge carmin, brillante.<br \/>\nLe nez flatteur est intense. L&rsquo;\u00e9clat des fruits rouges tr\u00e8s frais se m\u00eale aux notes de zan.<br \/>\nEn bouche, l&rsquo;attaque est dense et soyeuse.<br \/>\nLe fruit est tr\u00e8s pur accompagn\u00e9 de notes \u00e9pic\u00e9es, le vin est gourmand et velout\u00e9.<br \/>\nL&rsquo;\u00e9levage en terre cuite r\u00e9v\u00e8le les tanins polis et suaves du raisin m\u00fbr.<\/p>\n","protected":false},"featured_media":411,"template":"","meta":[],"product_cat":[19],"product_tag":[46],"class_list":{"0":"post-414","1":"product","2":"type-product","3":"status-publish","4":"has-post-thumbnail","6":"product_cat-les-demoiselles-de-larrivet-haut-brion","7":"product_tag-bouteille-75-cl","8":"product_shipping_class-demi-bouteilles-bouteilles","9":"pa_contenant-bouteille-75cl","10":"pa_couleur-rouge","11":"pa_millesime-50","12":"pa_potentiel-de-garde-a-garder","13":"vtmam_rule_category-min-max-bouteilles","15":"first","16":"instock","17":"taxable","18":"shipping-taxable","19":"purchasable","20":"product-type-simple"},"_links":{"self":[{"href":"https:\/\/www.larrivethautbrion.fr\/boutique\/wp-json\/wp\/v2\/product\/414"}],"collection":[{"href":"https:\/\/www.larrivethautbrion.fr\/boutique\/wp-json\/wp\/v2\/product"}],"about":[{"href":"https:\/\/www.larrivethautbrion.fr\/boutique\/wp-json\/wp\/v2\/types\/product"}],"wp:featuredmedia":[{"embeddable":true,"href":"https:\/\/www.larrivethautbrion.fr\/boutique\/wp-json\/wp\/v2\/media\/411"}],"wp:attachment":[{"href":"https:\/\/www.larrivethautbrion.fr\/boutique\/wp-json\/wp\/v2\/media?parent=414"}],"wp:term":[{"taxonomy":"product_cat","embeddable":true,"href":"https:\/\/www.larrivethautbrion.fr\/boutique\/wp-json\/wp\/v2\/product_cat?post=414"},{"taxonomy":"product_tag","embeddable":true,"href":"https:\/\/www.larrivethautbrion.fr\/boutique\/wp-json\/wp\/v2\/product_tag?post=414"}],"curies":[{"name":"wp","href":"https:\/\/api.w.org\/{rel}","templated":true}]}}