{"id":415,"date":"2024-07-18T14:57:06","date_gmt":"2024-07-18T12:57:06","guid":{"rendered":"https:\/\/www.larrivethautbrion.fr\/boutique\/?post_type=product&#038;p=415"},"modified":"2025-06-11T10:03:18","modified_gmt":"2025-06-11T08:03:18","slug":"les-demoiselles-de-larrivet-haut-brion-blanc-2021","status":"publish","type":"product","link":"https:\/\/www.larrivethautbrion.fr\/boutique\/produit\/les-demoiselles-de-larrivet-haut-brion-blanc-2021\/","title":{"rendered":"Les Demoiselles de Larrivet Haut-Brion blanc 2021"},"content":{"rendered":"","protected":false},"excerpt":{"rendered":"<p><strong>ASSEMBLAGE<\/strong><br \/>\n100% Sauvignon Blanc<\/p>\n<p><strong>D\u00c9GUSTATION<\/strong><br \/>\nLa robe est or p\u00e2le.<br \/>\nLes notes de fruits jaunes m\u00fbrs, de fruits exotiques accompagn\u00e9s d&rsquo;une note de jus de citron bien frais nous s\u00e9duisent au nez.<br \/>\nEn bouche, l&rsquo;attaque est tonique et fra\u00eeche.<br \/>\nLe vin nous conf\u00e8re une impression fringante, assortie d&rsquo;un beau volume.<\/p>\n","protected":false},"featured_media":410,"template":"","meta":[],"product_cat":[19],"product_tag":[46],"class_list":{"0":"post-415","1":"product","2":"type-product","3":"status-publish","4":"has-post-thumbnail","6":"product_cat-les-demoiselles-de-larrivet-haut-brion","7":"product_tag-bouteille-75-cl","8":"product_shipping_class-demi-bouteilles-bouteilles","9":"pa_contenant-bouteille-75cl","10":"pa_couleur-blanc","11":"pa_millesime-51","12":"pa_potentiel-de-garde-a-boire-ou-a-garder","13":"vtmam_rule_category-min-max-bouteilles","15":"first","16":"instock","17":"taxable","18":"shipping-taxable","19":"purchasable","20":"product-type-simple"},"_links":{"self":[{"href":"https:\/\/www.larrivethautbrion.fr\/boutique\/wp-json\/wp\/v2\/product\/415"}],"collection":[{"href":"https:\/\/www.larrivethautbrion.fr\/boutique\/wp-json\/wp\/v2\/product"}],"about":[{"href":"https:\/\/www.larrivethautbrion.fr\/boutique\/wp-json\/wp\/v2\/types\/product"}],"wp:featuredmedia":[{"embeddable":true,"href":"https:\/\/www.larrivethautbrion.fr\/boutique\/wp-json\/wp\/v2\/media\/410"}],"wp:attachment":[{"href":"https:\/\/www.larrivethautbrion.fr\/boutique\/wp-json\/wp\/v2\/media?parent=415"}],"wp:term":[{"taxonomy":"product_cat","embeddable":true,"href":"https:\/\/www.larrivethautbrion.fr\/boutique\/wp-json\/wp\/v2\/product_cat?post=415"},{"taxonomy":"product_tag","embeddable":true,"href":"https:\/\/www.larrivethautbrion.fr\/boutique\/wp-json\/wp\/v2\/product_tag?post=415"}],"curies":[{"name":"wp","href":"https:\/\/api.w.org\/{rel}","templated":true}]}}