{"id":603,"date":"2026-04-29T15:43:34","date_gmt":"2026-04-29T13:43:34","guid":{"rendered":"https:\/\/www.larrivethautbrion.fr\/boutique\/?post_type=product&#038;p=603"},"modified":"2026-04-29T15:43:34","modified_gmt":"2026-04-29T13:43:34","slug":"pulse-2024","status":"publish","type":"product","link":"https:\/\/www.larrivethautbrion.fr\/boutique\/produit\/pulse-2024\/","title":{"rendered":"Pulse 2024"},"content":{"rendered":"<p>PULSE : Il \u00e9tait une fois&#8230;<br \/>\n\u201cLe Ch\u00e2teau Larrivet Haut-Brion a choisi de laisser la parole \u00e0 une nouvelle g\u00e9n\u00e9ration. Cette \u00e9tiquette originale est le fruit du regard d\u2019une \u00e9tudiante laur\u00e9ate, invit\u00e9e \u00e0 exprimer son rapport au vin et ce qu\u2019il repr\u00e9sente aujourd\u2019hui. Un vin vivant, en mouvement.<br \/>\nPulse, c&rsquo;est le battement du vivant, les vibrations dans l\u2019air, un bourdonnement entra\u00eenant\u2026 Issu du Vignoble du Futur, ce vin \u00e0 l\u2019\u00e9coute de la nature est l\u00e9ger et frais. Facile \u00e0 boire en toute occasion.\u201d<\/p>\n","protected":false},"excerpt":{"rendered":"<p><strong>PULSE : un nouveau vin, accessible et sinc\u00e8re<\/strong><\/p>\n<p><strong>D\u00c9GUSTATION<\/strong><br \/>\nUn vin qui casse les codes de Bordeaux : un vin croquant, avec de la fraicheur et beaucoup de fruit.<br \/>\nPulse, c&rsquo;est le plaisir imm\u00e9diat de cet \u00e9t\u00e9 et une belle introduction \u00e0 l&rsquo;univers de Larrivet Haut-Brion ! <\/p>\n<p><strong>ASSEMBLAGE<\/strong><br \/>\nCabernet sauvignon, Merlot<\/p>\n","protected":false},"featured_media":605,"template":"","meta":[],"product_cat":[15],"product_tag":[],"class_list":{"0":"post-603","1":"product","2":"type-product","3":"status-publish","4":"has-post-thumbnail","6":"product_cat-non-classe","7":"product_shipping_class-demi-bouteilles-bouteilles","8":"pa_contenant-bouteille-75cl","9":"pa_couleur-rouge","10":"pa_millesime-55","11":"pa_potentiel-de-garde-a-boire","13":"first","14":"instock","15":"taxable","16":"shipping-taxable","17":"purchasable","18":"product-type-simple"},"_links":{"self":[{"href":"https:\/\/www.larrivethautbrion.fr\/boutique\/wp-json\/wp\/v2\/product\/603"}],"collection":[{"href":"https:\/\/www.larrivethautbrion.fr\/boutique\/wp-json\/wp\/v2\/product"}],"about":[{"href":"https:\/\/www.larrivethautbrion.fr\/boutique\/wp-json\/wp\/v2\/types\/product"}],"wp:featuredmedia":[{"embeddable":true,"href":"https:\/\/www.larrivethautbrion.fr\/boutique\/wp-json\/wp\/v2\/media\/605"}],"wp:attachment":[{"href":"https:\/\/www.larrivethautbrion.fr\/boutique\/wp-json\/wp\/v2\/media?parent=603"}],"wp:term":[{"taxonomy":"product_cat","embeddable":true,"href":"https:\/\/www.larrivethautbrion.fr\/boutique\/wp-json\/wp\/v2\/product_cat?post=603"},{"taxonomy":"product_tag","embeddable":true,"href":"https:\/\/www.larrivethautbrion.fr\/boutique\/wp-json\/wp\/v2\/product_tag?post=603"}],"curies":[{"name":"wp","href":"https:\/\/api.w.org\/{rel}","templated":true}]}}